{"id":2,"date":"2026-02-24T21:10:35","date_gmt":"2026-02-24T21:10:35","guid":{"rendered":"https:\/\/amsolutions.ma\/?page_id=2"},"modified":"2026-04-25T21:08:50","modified_gmt":"2026-04-25T21:08:50","slug":"homepage","status":"publish","type":"page","link":"https:\/\/amsolutions.ma\/","title":{"rendered":"Home"},"content":{"rendered":"<div class=\"wpb-content-wrapper\"><p>[vc_section full_width=\u00a0\u00bbstretch_row_content\u00a0\u00bb el_class=\u00a0\u00bbscroll-content\u00a0\u00bb el_id=\u00a0\u00bbhero\u00a0\u00bb][vc_row full_width=\u00a0\u00bbstretch_row_content_no_spaces\u00a0\u00bb el_class=\u00a0\u00bbparagraph-scroll-snap\u00a0\u00bb][vc_column][vc_raw_js]JTNDc2NyaXB0JTNFJTJGJTJGJTIwJTI4bm8lMjB1cmwlMjglMjklMjB3cmFwcGVyJTIwaGVyZSUyOSUwQWNvbnN0JTIwaW1hZ2VzJTIwJTNEJTIwJTVCJTBBJTIwJTIwJTIwJTIwJTI3aHR0cHMlM0ElMkYlMkZhbXNvbHV0aW9ucy5tYSUyRndwLWNvbnRlbnQlMkZ1cGxvYWRzJTJGMjAyNiUyRjA0JTJGQkcyLnBuZyUyNyUyQyUyMCUyRiUyRiUyMEltYWdlJTIwMSUwQSUyMCUyMCUyMCUyMCUyN2h0dHBzJTNBJTJGJTJGYW1zb2x1dGlvbnMubWElMkZ3cC1jb250ZW50JTJGdXBsb2FkcyUyRjIwMjYlMkYwNCUyRkJHMS5wbmclMjclMkMlMjAlMkYlMkYlMjBJbWFnZSUyMDIlMEElMjAlMjAlMjAlMjAlMjdodHRwcyUzQSUyRiUyRmFtc29sdXRpb25zLm1hJTJGd3AtY29udGVudCUyRnVwbG9hZHMlMkYyMDI2JTJGMDQlMkZCRzIucG5nJTI3JTJDJTIwJTJGJTJGJTIwSW1hZ2UlMjAzJTBBJTIwJTIwJTIwJTIwJTI3aHR0cHMlM0ElMkYlMkZhbXNvbHV0aW9ucy5tYSUyRndwLWNvbnRlbnQlMkZ1cGxvYWRzJTJGMjAyNiUyRjA0JTJGQkczLnBuZyUyNyUyQyUyMCUyMCUyRiUyRiUyMEltYWdlJTIwNCUwQSUyMCUyMCUyMCUyMCUyN2h0dHBzJTNBJTJGJTJGYW1zb2x1dGlvbnMubWElMkZ3cC1jb250ZW50JTJGdXBsb2FkcyUyRjIwMjYlMkYwNCUyRkJHNC5wbmclMjclMkMlMEElMjAlMjAlMjAlMjAlMjdodHRwcyUzQSUyRiUyRmFtc29sdXRpb25zLm1hJTJGd3AtY29udGVudCUyRnVwbG9hZHMlMkYyMDI2JTJGMDQlMkZCRzUucG5nJTI3JTJDJTBBJTIwJTIwJTIwJTIwJTI3aHR0cHMlM0ElMkYlMkZhbXNvbHV0aW9ucy5tYSUyRndwLWNvbnRlbnQlMkZ1cGxvYWRzJTJGMjAyNiUyRjA0JTJGQkcxLnBuZyUyNyUwQSU1RCUzQiUwQSUwQWpRdWVyeSUyOGRvY3VtZW50JTI5LnJlYWR5JTI4ZnVuY3Rpb24lMjglMjklMjAlN0IlMEElMjAlMjAlMjAlMjBjb25zdCUyMCUyNHRvcCUyMCUzRCUyMGpRdWVyeSUyOCUyNy50b3AlMjclMjklM0IlMEElMjAlMjAlMjAlMjBjb25zdCUyMCUyNGJvdHRvbSUyMCUzRCUyMGpRdWVyeSUyOCUyNy5ib3R0b20lMjclMjklM0IlMEElMjAlMjAlMjAlMjBjb25zdCUyMCUyNGhlcm8lMjAlM0QlMjBqUXVlcnklMjglMjclMjNoZXJvJTI3JTI5JTNCJTBBJTBBJTIwJTIwJTIwJTIwJTJGJTJGJTIwSW5pdGlhbCUyMFN0YXRlJTBBJTIwJTIwJTIwJTIwJTI0dG9wLmNzcyUyOCUyMmJhY2tncm91bmQtaW1hZ2UlMjIlMkMlMjAlNjB1cmwlMjglMjQlN0JpbWFnZXMlNUIwJTVEJTdEJTI5JTYwJTI5JTNCJTBBJTBBJTIwJTIwJTIwJTIwJTI0aGVyby5vbiUyOCUyN3Njcm9sbCUyNyUyQyUyMGZ1bmN0aW9uJTI4JTI5JTIwJTdCJTBBJTIwJTIwJTIwJTIwJTIwJTIwJTIwJTIwY29uc3QlMjBzY3JvbGxUb3AlMjAlM0QlMjAlMjRoZXJvLnNjcm9sbFRvcCUyOCUyOSUzQiUwQSUyMCUyMCUyMCUyMCUyMCUyMCUyMCUyMGNvbnN0JTIwaW5uZXJIZWlnaHQlMjAlM0QlMjAlMjRoZXJvLmlubmVySGVpZ2h0JTI4JTI5JTNCJTBBJTIwJTIwJTIwJTIwJTIwJTIwJTIwJTIwJTBBJTIwJTIwJTIwJTIwJTIwJTIwJTIwJTIwJTJGJTJGJTIwMS4lMjBDYWxjdWxhdGUlMjB3aGljaCUyMCUyMnNsaWRlJTIyJTIwd2UlMjBhcmUlMjBjdXJyZW50bHklMjBvbiUyMCUyODAlMkMlMjAxJTJDJTIwMiUyQyUyMGV0Yy4lMjklMEElMjAlMjAlMjAlMjAlMjAlMjAlMjAlMjBjb25zdCUyMGluZGV4JTIwJTNEJTIwTWF0aC5mbG9vciUyOHNjcm9sbFRvcCUyMCUyRiUyMGlubmVySGVpZ2h0JTI5JTNCJTBBJTIwJTIwJTIwJTIwJTIwJTIwJTIwJTIwJTBBJTIwJTIwJTIwJTIwJTIwJTIwJTIwJTIwJTJGJTJGJTIwMi4lMjBDYWxjdWxhdGUlMjB0aGUlMjBkZWNpbWFsJTIwb2YlMjB0aGUlMjBjdXJyZW50JTIwc2Nyb2xsJTIwJTI4MC4wJTIwdG8lMjAxLjAlMjklMEElMjAlMjAlMjAlMjAlMjAlMjAlMjAlMjBjb25zdCUyMHJhdGlvJTIwJTNEJTIwJTI4c2Nyb2xsVG9wJTIwJTI1JTIwaW5uZXJIZWlnaHQlMjklMjAlMkYlMjBpbm5lckhlaWdodCUzQiUwQSUwQSUyMCUyMCUyMCUyMCUyMCUyMCUyMCUyMCUyRiUyRiUyMDMuJTIwU2FmZXR5JTIwQ2hlY2slM0ElMjBPbmx5JTIwcnVuJTIwaWYlMjB3ZSUyMGFyZW4lMjd0JTIwYXQlMjB0aGUlMjB2ZXJ5JTIwbGFzdCUyMGltYWdlJTBBJTIwJTIwJTIwJTIwJTIwJTIwJTIwJTIwaWYlMjAlMjhpbmRleCUyMCUzQyUyMGltYWdlcy5sZW5ndGglMjAtJTIwMSUyOSUyMCU3QiUwQSUyMCUyMCUyMCUyMCUyMCUyMCUyMCUyMCUyMCUyMCUyMCUyMCUyNHRvcC5jc3MlMjglN0IlMEElMjAlMjAlMjAlMjAlMjAlMjAlMjAlMjAlMjAlMjAlMjAlMjAlMjAlMjAlMjAlMjAlMjJiYWNrZ3JvdW5kLWltYWdlJTIyJTNBJTIwJTYwdXJsJTI4JTI0JTdCaW1hZ2VzJTVCaW5kZXglNUQlN0QlMjklNjAlMkMlMEElMjAlMjAlMjAlMjAlMjAlMjAlMjAlMjAlMjAlMjAlMjAlMjAlMjAlMjAlMjAlMjAlMjJvcGFjaXR5JTIyJTNBJTIwMSUyMC0lMjByYXRpbyUyMCUyRiUyRiUyMEZhZGVzJTIwb3V0JTIwdG8lMjByZXZlYWwlMjB0aGUlMjBib3R0b20lMEElMjAlMjAlMjAlMjAlMjAlMjAlMjAlMjAlMjAlMjAlMjAlMjAlN0QlMjklM0IlMEElMjAlMjAlMjAlMjAlMjAlMjAlMjAlMjAlMjAlMjAlMjAlMjAlMEElMjAlMjAlMjAlMjAlMjAlMjAlMjAlMjAlMjAlMjAlMjAlMjAlMjRib3R0b20uY3NzJTI4JTdCJTBBJTIwJTIwJTIwJTIwJTIwJTIwJTIwJTIwJTIwJTIwJTIwJTIwJTIwJTIwJTIwJTIwJTIyYmFja2dyb3VuZC1pbWFnZSUyMiUzQSUyMCU2MHVybCUyOCUyNCU3QmltYWdlcyU1QmluZGV4JTIwJTJCJTIwMSU1RCU3RCUyOSU2MCUwQSUyMCUyMCUyMCUyMCUyMCUyMCUyMCUyMCUyMCUyMCUyMCUyMCU3RCUyOSUzQiUwQSUyMCUyMCUyMCUyMCUyMCUyMCUyMCUyMCU3RCUyMGVsc2UlMjAlN0IlMEElMjAlMjAlMjAlMjAlMjAlMjAlMjAlMjAlMjAlMjAlMjAlMjAlMkYlMkYlMjBFbnN1cmUlMjB0aGUlMjBmaW5hbCUyMGltYWdlJTIwc3RheXMlMjB2aXNpYmxlJTIwYXQlMjB0aGUlMjBlbmQlMEElMjAlMjAlMjAlMjAlMjAlMjAlMjAlMjAlMjAlMjAlMjAlMjAlMjR0b3AuY3NzJTI4JTIyb3BhY2l0eSUyMiUyQyUyMDAlMjklM0IlMEElMjAlMjAlMjAlMjAlMjAlMjAlMjAlMjAlMjAlMjAlMjAlMjAlMjRib3R0b20uY3NzJTI4JTIyYmFja2dyb3VuZC1pbWFnZSUyMiUyQyUyMCU2MHVybCUyOCUyNCU3QmltYWdlcyU1QmltYWdlcy5sZW5ndGglMjAtJTIwMSU1RCU3RCUyOSU2MCUyOSUzQiUwQSUyMCUyMCUyMCUyMCUyMCUyMCUyMCUyMCU3RCUwQSUyMCUyMCUyMCUyMCU3RCUyOSUzQiUwQSU3RCUyOSUzQiUwQSUzQyUyRnNjcmlwdCUzRQ==[\/vc_raw_js][vc_raw_html css=\u00a0\u00bb.vc_custom_1776777856214{margin-bottom: 0px !important;}\u00a0\u00bb]JTNDZGl2JTIwY2xhc3MlM0QlMjJib3R0b20lMjIlM0UlM0MlMkZkaXYlM0UlMEElM0NkaXYlMjBjbGFzcyUzRCUyMnRvcCUyMiUzRSUzQyUyRmRpdiUzRQ==[\/vc_raw_html]\n\t\t\t\t<p class=\"rs-p-wp-fix\"><\/p>\n\t\t\t\t<sr7-module data-alias=\"From-Soil-to-Harvest--Organic-Farm-Website-Slider\" data-id=\"1\" id=\"SR7_1_1\" class=\"rs-respect-topbar\" data-version=\"7.0.5.1\">\n\t\t\t\t\t<sr7-adjuster><\/sr7-adjuster>\n\t\t\t\t\t<sr7-content>\n\t\t\t\t\t\t<sr7-slide id=\"SR7_1_1-1\" data-key=\"1\">\n\t\t\t\t\t\t\t<sr7-bg id=\"SR7_1_1-1-38\" class=\"sr7-layer\"><noscript><img decoding=\"async\" src=\"https:\/\/amsolutions.ma\/wp-content\/uploads\/2026\/03\/picture-of-workplace-kitchen-and-table.webp\" alt=\"\" title=\"Home\"><\/noscript><\/sr7-bg>\n\t\t\t\t\t\t\t<sr7-txt id=\"SR7_1_1-1-13\" class=\"sr7-layer\">Assemblez un espace<br \/> qui <fontweight500>vous ressemble<\/fontweight500><\/sr7-txt>\n\t\t\t\t\t\t<\/sr7-slide>\n\t\t\t\t\t\t<sr7-slide id=\"SR7_1_1-2\" data-key=\"2\">\n\t\t\t\t\t\t\t<sr7-bg id=\"SR7_1_1-2-39\" class=\"sr7-layer\"><noscript><img decoding=\"async\" src=\"https:\/\/amsolutions.ma\/wp-content\/uploads\/2026\/03\/facility-cleaning.webp\" alt=\"\" title=\"Home\"><\/noscript><\/sr7-bg>\n\t\t\t\t\t\t\t<sr7-txt id=\"SR7_1_1-2-13\" class=\"sr7-layer\">Prenez <fontweight500>conscience<\/fontweight500><br \/> de l'environnement<\/sr7-txt>\n\t\t\t\t\t\t<\/sr7-slide>\n\t\t\t\t\t\t<sr7-slide id=\"SR7_1_1-3\" data-key=\"3\">\n\t\t\t\t\t\t\t<sr7-bg id=\"SR7_1_1-3-45\" class=\"sr7-layer\"><noscript><img decoding=\"async\" src=\"https:\/\/amsolutions.ma\/wp-content\/uploads\/2026\/03\/picture-taken-inside-shopping-mall.webp\" alt=\"\" title=\"Home\"><\/noscript><\/sr7-bg>\n\t\t\t\t\t\t\t<sr7-txt id=\"SR7_1_1-3-13\" class=\"sr7-layer\">Concentrez-vous<br \/> sur <fontweight500>l'essentiel<\/fontweight500><\/sr7-txt>\n\t\t\t\t\t\t<\/sr7-slide>\n\t\t\t\t\t\t<sr7-slide id=\"SR7_1_1-5\" data-key=\"5\">\n\t\t\t\t\t\t<\/sr7-slide>\n\t\t\t\t\t<\/sr7-content>\n\t\t\t\t\t<image_lists style=\"display:none\">\n\t\t\t\t\t\t<img data-src=\"\/\/amsolutions.ma\/wp-content\/uploads\/2026\/03\/picture-of-workplace-kitchen-and-table.webp\" width=\"0\" height=\"0\" data-dbsrc=\"Ly9hbXNvbHV0aW9ucy5tYS93cC1jb250ZW50L3VwbG9hZHMvMjAyNi8wMy9waWN0dXJlLW9mLXdvcmtwbGFjZS1raXRjaGVuLWFuZC10YWJsZS53ZWJw\"\/>\n\t\t\t\t\t\t<img data-src=\"\/\/amsolutions.ma\/wp-content\/uploads\/2026\/03\/facility-cleaning.webp\" width=\"0\" height=\"0\" data-dbsrc=\"Ly9hbXNvbHV0aW9ucy5tYS93cC1jb250ZW50L3VwbG9hZHMvMjAyNi8wMy9mYWNpbGl0eS1jbGVhbmluZy53ZWJw\"\/>\n\t\t\t\t\t\t<img data-src=\"\/\/amsolutions.ma\/wp-content\/uploads\/2026\/03\/picture-taken-inside-shopping-mall.webp\" width=\"0\" height=\"0\" data-dbsrc=\"Ly9hbXNvbHV0aW9ucy5tYS93cC1jb250ZW50L3VwbG9hZHMvMjAyNi8wMy9waWN0dXJlLXRha2VuLWluc2lkZS1zaG9wcGluZy1tYWxsLndlYnA=\"\/>\n\t\t\t\t\t\t<img data-src=\"\/\/amsolutions.ma\/wp-content\/uploads\/revslider\/o\/1\/96648d68da4dc07d389a37f86255e1e2.webp\" data-libid=\"266\" data-lib=\"wp\" title=\"header-logo\" width=\"0\" height=\"0\" data-dbsrc=\"Ly9hbXNvbHV0aW9ucy5tYS93cC1jb250ZW50L3VwbG9hZHMvMjAyNi8wNC9oZWFkZXItbG9nby5wbmc=\"\/>\n\t\t\t\t\t<\/image_lists>\n\t\t\t\t<\/sr7-module>\n\t\t\t\t<script>\n\t\t\t\t\twindow.SR7??={}; SR7.PMH ??={}; SR7.PMH[\"SR7_1_1\"] = {cn:100,state:false,fn: function() { if (window._tpt!==undefined && window._tpt.prepareModuleHeight !== undefined) {  _tpt.prepareModuleHeight({id:\"SR7_1_1\",el:[900,900,768,960,732],type:'standard',gh:[900,900,768,960,720],gw:[1240,1240,1024,778,480],vpt:['-100px&#039;,&#039;-100px&#039;,&#039;-100px&#039;,&#039;-100px&#039;,&#039;-100px'],size:{fullWidth:true, fullHeight:true},fho:'#masthead,',mh:'0',onh:0,onw:0,bg:{color:'#014F71'}});   SR7.PMH[\"SR7_1_1\"].state=true;} else if(SR7.PMH[\"SR7_1_1\"].cn-->0)\tsetTimeout( SR7.PMH[\"SR7_1_1\"].fn,19);}};SR7.PMH[\"SR7_1_1\" ].fn();\n\t\t\t\t<\/script>\n[\/vc_column][\/vc_row][vc_row full_height=\u00a0\u00bbyes\u00a0\u00bb content_placement=\u00a0\u00bbmiddle\u00a0\u00bb css_animation=\u00a0\u00bbnone\u00a0\u00bb css=\u00a0\u00bb.vc_custom_1777138410737{background-position: center !important;background-repeat: no-repeat !important;background-size: contain !important;}\u00a0\u00bb el_class=\u00a0\u00bbparagraph-scroll-snap\u00a0\u00bb][vc_column width=\u00a0\u00bb3\/5&Prime; css=\u00a0\u00bb.vc_custom_1777140066641{padding-top: 0px !important;background-position: center !important;background-repeat: no-repeat !important;background-size: cover !important;}\u00a0\u00bb][vc_column_text css=\u00a0\u00bb.vc_custom_1777140103023{margin-bottom: 0px !important;}\u00a0\u00bb]<\/p>\n<h2 class=\"section-why-title\">Le <strong>Bien-\u00eatre<\/strong><\/h2>\n<p>[\/vc_column_text][vc_column_text css=\u00a0\u00bb\u00a0\u00bb]<\/p>\n<h3 class=\"custom_heading_2\" style=\"margin-top: 0;\">est au c\u0153ur de nos pr\u00e9occupations<\/h3>\n<p>[\/vc_column_text][vc_column_text css=\u00a0\u00bb.vc_custom_1777139917543{margin-bottom: 0px !important;}\u00a0\u00bb]Notre vision d\u2019\u00e9difier des espaces \u00e9vocateurs <strong>d\u2019innovation, de productivit\u00e9 et d\u2019engagement pour demain <\/strong>ne peut \u00eatre imagin\u00e9e sans que le bien-\u00eatre n\u2019en constitue la force motrice.[\/vc_column_text][\/vc_column][\/vc_row][vc_row full_width=\u00a0\u00bbstretch_row\u00a0\u00bb full_height=\u00a0\u00bbyes\u00a0\u00bb content_placement=\u00a0\u00bbmiddle\u00a0\u00bb el_class=\u00a0\u00bbparagraph-scroll-snap\u00a0\u00bb][vc_column width=\u00a0\u00bb3\/5&Prime; css=\u00a0\u00bb.vc_custom_1777139615841{padding-top: 0px !important;}\u00a0\u00bb][vc_column_text css=\u00a0\u00bb\u00a0\u00bb]<\/p>\n<h2 class=\"custom_heading_1\" style=\"color: #f2f3f4; margin-top: 0;\">D\u00e9couvrez nos <strong>Solutions<\/strong><\/h2>\n<p>[\/vc_column_text][vc_column_text css=\u00a0\u00bb.vc_custom_1777139489933{margin-bottom: 0px !important;}\u00a0\u00bb]<\/p>\n<h3 class=\"custom_heading_2\" style=\"color: #f2f3f4;\">Pens\u00e9es pour le confort de vos collaborateurs<\/h3>\n<p>[\/vc_column_text][\/vc_column][\/vc_row][vc_row full_width=\u00a0\u00bbstretch_row\u00a0\u00bb full_height=\u00a0\u00bbyes\u00a0\u00bb el_class=\u00a0\u00bbparagraph-scroll-snap\u00a0\u00bb][vc_column width=\u00a0\u00bb3\/5&Prime;][vc_single_image image=\u00a0\u00bb238&Prime; img_size=\u00a0\u00bbfull\u00a0\u00bb alignment=\u00a0\u00bbcenter\u00a0\u00bb css=\u00a0\u00bb\u00a0\u00bb][vc_column_text css=\u00a0\u00bb\u00a0\u00bb]<\/p>\n<p style=\"color: #f2f3f4;\">Une hygi\u00e8ne constante est un must absolu. Le nettoyage professionnel ne procure pas seulement la sensation de propret\u00e9, mais aussi la certitude qu&rsquo;un nettoyage r\u00e9gulier des meubles et de l&rsquo;int\u00e9rieur en pr\u00e9servera la valeur. Nos sp\u00e9cialistes peuvent proposer des solutions sur mesure en utilisant les produits appropri\u00e9s, qui respectent l\u2019environnement et offrent une ambiance saine.<\/p>\n<p>[\/vc_column_text][\/vc_column][\/vc_row][vc_row full_width=\u00a0\u00bbstretch_row\u00a0\u00bb full_height=\u00a0\u00bbyes\u00a0\u00bb el_class=\u00a0\u00bbparagraph-scroll-snap\u00a0\u00bb][vc_column width=\u00a0\u00bb3\/5&Prime;][vc_single_image image=\u00a0\u00bb240&Prime; img_size=\u00a0\u00bbfull\u00a0\u00bb alignment=\u00a0\u00bbcenter\u00a0\u00bb css=\u00a0\u00bb\u00a0\u00bb][vc_column_text css=\u00a0\u00bb\u00a0\u00bb]Gr\u00e2ce \u00e0 notre large r\u00e9seau de partenaires sp\u00e9cialis\u00e9s, nous sommes capables de fournir et installer tout type d\u2019\u00e9quipement, de la cafeti\u00e8re aux installations de s\u00e9curit\u00e9\u2026 Nous disposons d\u2019un large \u00e9ventail de produits consommables qui couvre l\u2019ensemble des besoins de l\u2019entreprise, ses b\u00e2timents ainsi que ses visiteurs.[\/vc_column_text][\/vc_column][\/vc_row][vc_row full_width=\u00a0\u00bbstretch_row\u00a0\u00bb full_height=\u00a0\u00bbyes\u00a0\u00bb el_class=\u00a0\u00bbparagraph-scroll-snap\u00a0\u00bb][vc_column width=\u00a0\u00bb3\/5&Prime;][vc_single_image image=\u00a0\u00bb239&Prime; img_size=\u00a0\u00bbfull\u00a0\u00bb alignment=\u00a0\u00bbcenter\u00a0\u00bb css=\u00a0\u00bb\u00a0\u00bb][vc_column_text css=\u00a0\u00bb\u00a0\u00bb]<\/p>\n<p style=\"color: #f2f3f4;\">Conscients du r\u00f4le que joue le Branding dans votre environnement de travail, notre promesse est de produire un espace qui, \u00e0 la fois, valorise le bien-\u00eatre de vos collaborateurs, et mat\u00e9rialise l&rsquo;identit\u00e9 de votre marque. Guid\u00e9s par des id\u00e9es innovantes et inventives, vous ferez de votre environnement professionnel un espace qui incarne parfaitement votre marque et sa personnalit\u00e9, de mani\u00e8re \u00e0 assurer une coh\u00e9rence dans l\u2019ensemble des \u00e9l\u00e9ments qui composent vos espaces.<\/p>\n<p>[\/vc_column_text][\/vc_column][\/vc_row][vc_row full_width=\u00a0\u00bbstretch_row\u00a0\u00bb full_height=\u00a0\u00bbyes\u00a0\u00bb el_class=\u00a0\u00bbparagraph-scroll-snap\u00a0\u00bb][vc_column width=\u00a0\u00bb3\/5&Prime;][vc_single_image image=\u00a0\u00bb241&Prime; img_size=\u00a0\u00bbfull\u00a0\u00bb alignment=\u00a0\u00bbcenter\u00a0\u00bb css=\u00a0\u00bb\u00a0\u00bb][vc_column_text css=\u00a0\u00bb\u00a0\u00bb]L\u2019int\u00e9gration et la preservation de la nature dans les milieux professionnels est en alignement avec nos valeurs. Nous mettons les espaces verts au sommet de nos pr\u00e9occupations en fournissant tout le soin que peuvent donner des mains vertes, que ce soit \u00e0 l\u2019ext\u00e9rieur ou \u00e0 l\u2019int\u00e9rieur.[\/vc_column_text][\/vc_column][\/vc_row][vc_row full_width=\u00a0\u00bbstretch_row\u00a0\u00bb full_height=\u00a0\u00bbyes\u00a0\u00bb el_class=\u00a0\u00bbparagraph-scroll-snap\u00a0\u00bb][vc_column width=\u00a0\u00bb5\/12&Prime;][vc_column_text css=\u00a0\u00bb\u00a0\u00bb]<\/p>\n<h1 style=\"text-align: left;\"><strong>Contactez-nous<\/strong><\/h1>\n<p>[\/vc_column_text][vc_icon icon_fontawesome=\u00a0\u00bbfa fa-solid fa-turn-down\u00a0\u00bb color=\u00a0\u00bbcustom\u00a0\u00bb size=\u00a0\u00bbxs\u00a0\u00bb css=\u00a0\u00bb.vc_custom_1777151187467{margin-bottom: 0px !important;}\u00a0\u00bb custom_color=\u00a0\u00bb#00000000&Prime;][vc_raw_html css=\u00a0\u00bb.vc_custom_1777151160032{margin-left: 24px !important;}\u00a0\u00bb]JTNDc3BhbiUyMGNsYXNzJTNEJTIydmNfaWNvbl9lbGVtZW50LWljb24lMjBmYSUyMGZhLXNvbGlkJTIwZmEtcGhvbmUlMjIlM0UlM0MlMkZzcGFuJTNFJTBBJTNDYSUyMGhyZWYlM0QlMjJ0ZWwlM0EyMTI3MDMxNDAyMDQlMjIlM0UlMkIyMTIlMjA3MDMlMjAxNDAlMjAyMDQlM0MlMkZhJTNF[\/vc_raw_html][vc_raw_html css=\u00a0\u00bb.vc_custom_1777151165111{margin-left: 24px !important;}\u00a0\u00bb]JTNDc3BhbiUyMGNsYXNzJTNEJTIydmNfaWNvbl9lbGVtZW50LWljb24lMjBmYSUyMGZhLXNvbGlkJTIwZmEtZW52ZWxvcGUlMjIlM0UlM0MlMkZzcGFuJTNFJTBBJTNDYSUyMGhyZWYlM0QlMjJtYWlsdG8lM0Fjb250YWN0JTQwYW1zb2x1dGlvbnMubWElMjIlM0Vjb250YWN0JTQwYW1zb2x1dGlvbnMubWElM0MlMkZhJTNF[\/vc_raw_html][vc_raw_html css=\u00a0\u00bb.vc_custom_1777151170251{margin-left: 24px !important;}\u00a0\u00bb]JTNDc3BhbiUyMGNsYXNzJTNEJTIydmNfaWNvbl9lbGVtZW50LWljb24lMjBmYSUyMGZhLXNvbGlkJTIwZmEtbG9jYXRpb24tZG90JTIyJTNFJTNDJTJGc3BhbiUzRSUwQSUzQ2ElM0U0NiUyQyUyMEJkJTIwWmVya3RvdW5pJTIwMiUzQ3N1cCUzRSVDMyVBOG1lJTNDJTJGc3VwJTNFJTIwJUMzJUE5dGFnZSUyMEFwcHQlMjBOJUMyJUIwNiUyQyUyMENhc2FibGFuY2ElM0MlMkZhJTNF[\/vc_raw_html][\/vc_column][vc_column width=\u00a0\u00bb5\/12&Prime;][\/vc_column][\/vc_row][\/vc_section][vc_section disable_element=\u00a0\u00bbyes\u00a0\u00bb][vc_row][vc_column][\/vc_column][\/vc_row][\/vc_section]<\/p>\n<\/div>","protected":false},"excerpt":{"rendered":"<p>[vc_section full_width=\u00a0\u00bbstretch_row_content\u00a0\u00bb el_class=\u00a0\u00bbscroll-content\u00a0\u00bb el_id=\u00a0\u00bbhero\u00a0\u00bb][vc_row full_width=\u00a0\u00bbstretch_row_content_no_spaces\u00a0\u00bb el_class=\u00a0\u00bbparagraph-scroll-snap\u00a0\u00bb][vc_column][vc_raw_js]JTNDc2NyaXB0JTNFJTJGJTJGJTIwJTI4bm8lMjB1cmwlMjglMjklMjB3cmFwcGVyJTIwaGVyZSUyOSUwQWNvbnN0JTIwaW1hZ2VzJTIwJTNEJTIwJTVCJTBBJTIwJTIwJTIwJTIwJTI3aHR0cHMlM0ElMkYlMkZhbXNvbHV0aW9ucy5tYSUyRndwLWNvbnRlbnQlMkZ1cGxvYWRzJTJGMjAyNiUyRjA0JTJGQkcyLnBuZyUyNyUyQyUyMCUyRiUyRiUyMEltYWdlJTIwMSUwQSUyMCUyMCUyMCUyMCUyN2h0dHBzJTNBJTJGJTJGYW1zb2x1dGlvbnMubWElMkZ3cC1jb250ZW50JTJGdXBsb2FkcyUyRjIwMjYlMkYwNCUyRkJHMS5wbmclMjclMkMlMjAlMkYlMkYlMjBJbWFnZSUyMDIlMEElMjAlMjAlMjAlMjAlMjdodHRwcyUzQSUyRiUyRmFtc29sdXRpb25zLm1hJTJGd3AtY29udGVudCUyRnVwbG9hZHMlMkYyMDI2JTJGMDQlMkZCRzIucG5nJTI3JTJDJTIwJTJGJTJGJTIwSW1hZ2UlMjAzJTBBJTIwJTIwJTIwJTIwJTI3aHR0cHMlM0ElMkYlMkZhbXNvbHV0aW9ucy5tYSUyRndwLWNvbnRlbnQlMkZ1cGxvYWRzJTJGMjAyNiUyRjA0JTJGQkczLnBuZyUyNyUyQyUyMCUyMCUyRiUyRiUyMEltYWdlJTIwNCUwQSUyMCUyMCUyMCUyMCUyN2h0dHBzJTNBJTJGJTJGYW1zb2x1dGlvbnMubWElMkZ3cC1jb250ZW50JTJGdXBsb2FkcyUyRjIwMjYlMkYwNCUyRkJHNC5wbmclMjclMkMlMEElMjAlMjAlMjAlMjAlMjdodHRwcyUzQSUyRiUyRmFtc29sdXRpb25zLm1hJTJGd3AtY29udGVudCUyRnVwbG9hZHMlMkYyMDI2JTJGMDQlMkZCRzUucG5nJTI3JTJDJTBBJTIwJTIwJTIwJTIwJTI3aHR0cHMlM0ElMkYlMkZhbXNvbHV0aW9ucy5tYSUyRndwLWNvbnRlbnQlMkZ1cGxvYWRzJTJGMjAyNiUyRjA0JTJGQkcxLnBuZyUyNyUwQSU1RCUzQiUwQSUwQWpRdWVyeSUyOGRvY3VtZW50JTI5LnJlYWR5JTI4ZnVuY3Rpb24lMjglMjklMjAlN0IlMEElMjAlMjAlMjAlMjBjb25zdCUyMCUyNHRvcCUyMCUzRCUyMGpRdWVyeSUyOCUyNy50b3AlMjclMjklM0IlMEElMjAlMjAlMjAlMjBjb25zdCUyMCUyNGJvdHRvbSUyMCUzRCUyMGpRdWVyeSUyOCUyNy5ib3R0b20lMjclMjklM0IlMEElMjAlMjAlMjAlMjBjb25zdCUyMCUyNGhlcm8lMjAlM0QlMjBqUXVlcnklMjglMjclMjNoZXJvJTI3JTI5JTNCJTBBJTBBJTIwJTIwJTIwJTIwJTJGJTJGJTIwSW5pdGlhbCUyMFN0YXRlJTBBJTIwJTIwJTIwJTIwJTI0dG9wLmNzcyUyOCUyMmJhY2tncm91bmQtaW1hZ2UlMjIlMkMlMjAlNjB1cmwlMjglMjQlN0JpbWFnZXMlNUIwJTVEJTdEJTI5JTYwJTI5JTNCJTBBJTBBJTIwJTIwJTIwJTIwJTI0aGVyby5vbiUyOCUyN3Njcm9sbCUyNyUyQyUyMGZ1bmN0aW9uJTI4JTI5JTIwJTdCJTBBJTIwJTIwJTIwJTIwJTIwJTIwJTIwJTIwY29uc3QlMjBzY3JvbGxUb3AlMjAlM0QlMjAlMjRoZXJvLnNjcm9sbFRvcCUyOCUyOSUzQiUwQSUyMCUyMCUyMCUyMCUyMCUyMCUyMCUyMGNvbnN0JTIwaW5uZXJIZWlnaHQlMjAlM0QlMjAlMjRoZXJvLmlubmVySGVpZ2h0JTI4JTI5JTNCJTBBJTIwJTIwJTIwJTIwJTIwJTIwJTIwJTIwJTBBJTIwJTIwJTIwJTIwJTIwJTIwJTIwJTIwJTJGJTJGJTIwMS4lMjBDYWxjdWxhdGUlMjB3aGljaCUyMCUyMnNsaWRlJTIyJTIwd2UlMjBhcmUlMjBjdXJyZW50bHklMjBvbiUyMCUyODAlMkMlMjAxJTJDJTIwMiUyQyUyMGV0Yy4lMjklMEElMjAlMjAlMjAlMjAlMjAlMjAlMjAlMjBjb25zdCUyMGluZGV4JTIwJTNEJTIwTWF0aC5mbG9vciUyOHNjcm9sbFRvcCUyMCUyRiUyMGlubmVySGVpZ2h0JTI5JTNCJTBBJTIwJTIwJTIwJTIwJTIwJTIwJTIwJTIwJTBBJTIwJTIwJTIwJTIwJTIwJTIwJTIwJTIwJTJGJTJGJTIwMi4lMjBDYWxjdWxhdGUlMjB0aGUlMjBkZWNpbWFsJTIwb2YlMjB0aGUlMjBjdXJyZW50JTIwc2Nyb2xsJTIwJTI4MC4wJTIwdG8lMjAxLjAlMjklMEElMjAlMjAlMjAlMjAlMjAlMjAlMjAlMjBjb25zdCUyMHJhdGlvJTIwJTNEJTIwJTI4c2Nyb2xsVG9wJTIwJTI1JTIwaW5uZXJIZWlnaHQlMjklMjAlMkYlMjBpbm5lckhlaWdodCUzQiUwQSUwQSUyMCUyMCUyMCUyMCUyMCUyMCUyMCUyMCUyRiUyRiUyMDMuJTIwU2FmZXR5JTIwQ2hlY2slM0ElMjBPbmx5JTIwcnVuJTIwaWYlMjB3ZSUyMGFyZW4lMjd0JTIwYXQlMjB0aGUlMjB2ZXJ5JTIwbGFzdCUyMGltYWdlJTBBJTIwJTIwJTIwJTIwJTIwJTIwJTIwJTIwaWYlMjAlMjhpbmRleCUyMCUzQyUyMGltYWdlcy5sZW5ndGglMjAtJTIwMSUyOSUyMCU3QiUwQSUyMCUyMCUyMCUyMCUyMCUyMCUyMCUyMCUyMCUyMCUyMCUyMCUyNHRvcC5jc3MlMjglN0IlMEElMjAlMjAlMjAlMjAlMjAlMjAlMjAlMjAlMjAlMjAlMjAlMjAlMjAlMjAlMjAlMjAlMjJiYWNrZ3JvdW5kLWltYWdlJTIyJTNBJTIwJTYwdXJsJTI4JTI0JTdCaW1hZ2VzJTVCaW5kZXglNUQlN0QlMjklNjAlMkMlMEElMjAlMjAlMjAlMjAlMjAlMjAlMjAlMjAlMjAlMjAlMjAlMjAlMjAlMjAlMjAlMjAlMjJvcGFjaXR5JTIyJTNBJTIwMSUyMC0lMjByYXRpbyUyMCUyRiUyRiUyMEZhZGVzJTIwb3V0JTIwdG8lMjByZXZlYWwlMjB0aGUlMjBib3R0b20lMEElMjAlMjAlMjAlMjAlMjAlMjAlMjAlMjAlMjAlMjAlMjAlMjAlN0QlMjklM0IlMEElMjAlMjAlMjAlMjAlMjAlMjAlMjAlMjAlMjAlMjAlMjAlMjAlMEElMjAlMjAlMjAlMjAlMjAlMjAlMjAlMjAlMjAlMjAlMjAlMjAlMjRib3R0b20uY3NzJTI4JTdCJTBBJTIwJTIwJTIwJTIwJTIwJTIwJTIwJTIwJTIwJTIwJTIwJTIwJTIwJTIwJTIwJTIwJTIyYmFja2dyb3VuZC1pbWFnZSUyMiUzQSUyMCU2MHVybCUyOCUyNCU3QmltYWdlcyU1QmluZGV4JTIwJTJCJTIwMSU1RCU3RCUyOSU2MCUwQSUyMCUyMCUyMCUyMCUyMCUyMCUyMCUyMCUyMCUyMCUyMCUyMCU3RCUyOSUzQiUwQSUyMCUyMCUyMCUyMCUyMCUyMCUyMCUyMCU3RCUyMGVsc2UlMjAlN0IlMEElMjAlMjAlMjAlMjAlMjAlMjAlMjAlMjAlMjAlMjAlMjAlMjAlMkYlMkYlMjBFbnN1cmUlMjB0aGUlMjBmaW5hbCUyMGltYWdlJTIwc3RheXMlMjB2aXNpYmxlJTIwYXQlMjB0aGUlMjBlbmQlMEElMjAlMjAlMjAlMjAlMjAlMjAlMjAlMjAlMjAlMjAlMjAlMjAlMjR0b3AuY3NzJTI4JTIyb3BhY2l0eSUyMiUyQyUyMDAlMjklM0IlMEElMjAlMjAlMjAlMjAlMjAlMjAlMjAlMjAlMjAlMjAlMjAlMjAlMjRib3R0b20uY3NzJTI4JTIyYmFja2dyb3VuZC1pbWFnZSUyMiUyQyUyMCU2MHVybCUyOCUyNCU3QmltYWdlcyU1QmltYWdlcy5sZW5ndGglMjAtJTIwMSU1RCU3RCUyOSU2MCUyOSUzQiUwQSUyMCUyMCUyMCUyMCUyMCUyMCUyMCUyMCU3RCUwQSUyMCUyMCUyMCUyMCU3RCUyOSUzQiUwQSU3RCUyOSUzQiUwQSUzQyUyRnNjcmlwdCUzRQ==[\/vc_raw_js][vc_raw_html css=\u00a0\u00bb.vc_custom_1776777856214{margin-bottom: 0px !important;}\u00a0\u00bb]JTNDZGl2JTIwY2xhc3MlM0QlMjJib3R0b20lMjIlM0UlM0MlMkZkaXYlM0UlMEElM0NkaXYlMjBjbGFzcyUzRCUyMnRvcCUyMiUzRSUzQyUyRmRpdiUzRQ==[\/vc_raw_html][\/vc_column][\/vc_row][vc_row full_height=\u00a0\u00bbyes\u00a0\u00bb content_placement=\u00a0\u00bbmiddle\u00a0\u00bb css_animation=\u00a0\u00bbnone\u00a0\u00bb css=\u00a0\u00bb.vc_custom_1777138410737{background-position: center !important;background-repeat: no-repeat !important;background-size: contain !important;}\u00a0\u00bb el_class=\u00a0\u00bbparagraph-scroll-snap\u00a0\u00bb][vc_column width=\u00a0\u00bb3\/5&Prime; css=\u00a0\u00bb.vc_custom_1777140066641{padding-top: 0px !important;background-position: center !important;background-repeat: no-repeat !important;background-size: cover !important;}\u00a0\u00bb][vc_column_text css=\u00a0\u00bb.vc_custom_1777140103023{margin-bottom: 0px !important;}\u00a0\u00bb] Le Bien-\u00eatre [\/vc_column_text][vc_column_text css=\u00a0\u00bb\u00a0\u00bb] est au c\u0153ur de nos pr\u00e9occupations [\/vc_column_text][vc_column_text css=\u00a0\u00bb.vc_custom_1777139917543{margin-bottom: 0px !important;}\u00a0\u00bb]Notre vision d\u2019\u00e9difier des espaces \u00e9vocateurs d\u2019innovation, de productivit\u00e9 [&hellip;]<\/p>\n","protected":false},"author":1,"featured_media":0,"parent":0,"menu_order":0,"comment_status":"closed","ping_status":"closed","template":"page-no-title","meta":{"rs_blank_template":"","rs_page_bg_color":"","slide_template_v7":"","_themeisle_gutenberg_block_has_review":false,"footnotes":""},"class_list":["post-2","page","type-page","status-publish","hentry"],"_links":{"self":[{"href":"https:\/\/amsolutions.ma\/index.php\/wp-json\/wp\/v2\/pages\/2","targetHints":{"allow":["GET"]}}],"collection":[{"href":"https:\/\/amsolutions.ma\/index.php\/wp-json\/wp\/v2\/pages"}],"about":[{"href":"https:\/\/amsolutions.ma\/index.php\/wp-json\/wp\/v2\/types\/page"}],"author":[{"embeddable":true,"href":"https:\/\/amsolutions.ma\/index.php\/wp-json\/wp\/v2\/users\/1"}],"replies":[{"embeddable":true,"href":"https:\/\/amsolutions.ma\/index.php\/wp-json\/wp\/v2\/comments?post=2"}],"version-history":[{"count":126,"href":"https:\/\/amsolutions.ma\/index.php\/wp-json\/wp\/v2\/pages\/2\/revisions"}],"predecessor-version":[{"id":269,"href":"https:\/\/amsolutions.ma\/index.php\/wp-json\/wp\/v2\/pages\/2\/revisions\/269"}],"wp:attachment":[{"href":"https:\/\/amsolutions.ma\/index.php\/wp-json\/wp\/v2\/media?parent=2"}],"curies":[{"name":"wp","href":"https:\/\/api.w.org\/{rel}","templated":true}]}}